{"id":1734,"date":"2020-06-11T00:00:10","date_gmt":"2020-06-11T00:00:10","guid":{"rendered":"https:\/\/csr-moz.com\/politica-de-privacidade\/"},"modified":"2023-07-27T13:56:10","modified_gmt":"2023-07-27T13:56:10","slug":"politica-de-privacidade","status":"publish","type":"page","link":"https:\/\/csr-moz.com\/pt-pt\/politica-de-privacidade\/","title":{"rendered":"Pol\u00edtica de Privacidade"},"content":{"rendered":"\t\t<div data-elementor-type=\"wp-page\" data-elementor-id=\"1734\" class=\"elementor elementor-1734 elementor-3\" data-elementor-post-type=\"page\">\n\t\t\t\t\t\t<section class=\"elementor-section elementor-top-section elementor-element elementor-element-70b01bb8 elementor-section-boxed elementor-section-height-default elementor-section-height-default\" data-id=\"70b01bb8\" data-element_type=\"section\" data-settings=\"{&quot;background_background&quot;:&quot;classic&quot;}\">\n\t\t\t\t\t\t<div class=\"elementor-container elementor-column-gap-default\">\n\t\t\t\t\t<div class=\"elementor-column elementor-col-100 elementor-top-column elementor-element elementor-element-6335e00d\" data-id=\"6335e00d\" data-element_type=\"column\" data-settings=\"{&quot;background_background&quot;:&quot;classic&quot;}\">\n\t\t\t<div class=\"elementor-widget-wrap elementor-element-populated\">\n\t\t\t\t\t\t<div class=\"elementor-element elementor-element-87bd3d4 elementor-widget-divider--view-line elementor-widget elementor-widget-divider\" data-id=\"87bd3d4\" data-element_type=\"widget\" data-widget_type=\"divider.default\">\n\t\t\t\t<div class=\"elementor-widget-container\">\n\t\t\t\t\t\t\t<div class=\"elementor-divider\">\n\t\t\t<span class=\"elementor-divider-separator\">\n\t\t\t\t\t\t<\/span>\n\t\t<\/div>\n\t\t\t\t\t\t<\/div>\n\t\t\t\t<\/div>\n\t\t\t\t<div class=\"elementor-element elementor-element-792ca12f elementor-widget elementor-widget-text-editor\" data-id=\"792ca12f\" data-element_type=\"widget\" data-widget_type=\"text-editor.default\">\n\t\t\t\t<div class=\"elementor-widget-container\">\n\t\t\t\t\t\t\t\t\t<strong>AME Trade Ltd<\/strong> est\u00e1 registrada na Inglaterra e no Pa\u00eds de Gales (<strong>N\u00famero de Registro 05672786<\/strong>) e est\u00e1 comprometida em proteger todos os dados que coletamos sobre voc\u00ea. Ao utilizar nossos servi\u00e7os, voc\u00ea concorda com o uso dos dados que coletamos de acordo com esta <strong>Pol\u00edtica de Privacidade<\/strong>.\r\n\r\n<strong>N\u00f3s nos comprometemos a proteger sua privacidade<\/strong>.\r\n\r\nEsta Pol\u00edtica indica o tipo de processos que podem resultar na coleta de dados sobre voc\u00ea. O uso deste site nos d\u00e1 o direito de coletar essas informa\u00e7\u00f5es.\r\n\r\n<strong>Consulta de endere\u00e7o IP<\/strong>\r\n\r\nNossa empresa utiliza terceiros para fornecer informa\u00e7\u00f5es sobre visitantes de nossos sites. Quando voc\u00ea visita nossos sites, registraremos o seu endere\u00e7o IP. Esse endere\u00e7o ser\u00e1 confrontado com bancos de dados p\u00fablicos e propriet\u00e1rios de endere\u00e7os IP para obter informa\u00e7\u00f5es sobre sua visita. Essas informa\u00e7\u00f5es podem identificar a organiza\u00e7\u00e3o \u00e0 qual o endere\u00e7o IP est\u00e1 registrado, mas n\u00e3o indiv\u00edduos.\r\n\r\n<strong>Cookies do site e rastreamento de links<\/strong>\r\n\r\nCookies nos permitem oferecer funcionalidades importantes do site, para que voc\u00ea n\u00e3o precise reentrar muitas informa\u00e7\u00f5es. Eles tamb\u00e9m nos permitem lembrar quais links e p\u00e1ginas foram clicados ou visualizados durante uma sess\u00e3o. Se voc\u00ea nos forneceu dados pessoais, preenchendo um formul\u00e1rio de contato, por exemplo, podemos associar esses dados pessoais a outras informa\u00e7\u00f5es. Isso nos permitir\u00e1 identificar e registrar o que \u00e9 mais relevante para voc\u00ea.\r\nAtrav\u00e9s dos controles do seu navegador, voc\u00ea sempre tem o controle dos cookies que armazenamos e acessamos em seu computador. Mais informa\u00e7\u00f5es sobre como controlar cookies e limitar o processamento de dados pessoais podem ser encontradas em www.youronlinechoices.com\r\n\r\n<strong>Tipos de comunica\u00e7\u00f5es<\/strong>\r\n\r\nAo enviar seu endere\u00e7o de e-mail e n\u00famero de telefone, voc\u00ea concorda em receber a informa\u00e7\u00e3o espec\u00edfica que voc\u00ea solicitou, al\u00e9m de nos permitir enviar comunica\u00e7\u00f5es apropriadas e \u00fateis sobre nossos eventos e servi\u00e7os. Isso inclui, mas n\u00e3o se limita a, convites para nossos eventos e webinars l\u00edderes do setor, nossos \u00faltimos materiais (artigos t\u00e9cnicos, guias, relat\u00f3rios, infogr\u00e1ficos, v\u00eddeos e estudos de caso) e ofertas promocionais de servi\u00e7os relacionados.\r\nA qualquer momento, voc\u00ea pode atualizar suas prefer\u00eancias clicando no link em qualquer e-mail que receber de n\u00f3s. O link estar\u00e1 sempre no rodap\u00e9 do e-mail. Voc\u00ea tamb\u00e9m pode deixar de receber e-mails ou mensagens nossas usando as op\u00e7\u00f5es de link de cancelamento de inscri\u00e7\u00e3o, tamb\u00e9m encontradas no rodap\u00e9 de nossos e-mails. Observe que as mudan\u00e7as nas prefer\u00eancias e op\u00e7\u00f5es de cancelamento de inscri\u00e7\u00e3o n\u00e3o afetar\u00e3o os e-mails de servi\u00e7o que somos obrigados a enviar a voc\u00ea, uma vez que voc\u00ea se registrou para um evento, por exemplo.\r\n\r\n<strong>Informa\u00e7\u00f5es coletadas<\/strong>\r\n\r\nPodemos coletar todas ou parte das informa\u00e7\u00f5es que voc\u00ea nos fornece, dependendo do tipo de transa\u00e7\u00e3o que voc\u00ea efetua, incluindo seu nome, endere\u00e7o, n\u00famero de telefone e endere\u00e7o de e-mail, juntamente com dados sobre o uso do site. Outras informa\u00e7\u00f5es que possam ser necess\u00e1rias ocasionalmente para processar uma solicita\u00e7\u00e3o tamb\u00e9m podem ser coletadas, conforme indicado no site.\r\n\r\n<strong>Uso das informa\u00e7\u00f5es<\/strong>\r\n\r\nUsamos as informa\u00e7\u00f5es coletadas principalmente para processar a tarefa para a qual voc\u00ea visitou o site. Os dados coletados na Europa s\u00e3o mantidos de acordo com a Lei de Prote\u00e7\u00e3o de Dados. Todas as precau\u00e7\u00f5es razo\u00e1veis s\u00e3o tomadas para evitar o acesso n\u00e3o autorizado a essas informa\u00e7\u00f5es. Essa prote\u00e7\u00e3o pode exigir que voc\u00ea forne\u00e7a formas adicionais de identidade caso deseje obter informa\u00e7\u00f5es sobre os detalhes de sua conta.\r\n\r\n<strong>Cookies<\/strong>\r\n\r\nSeu navegador da Internet possui a fun\u00e7\u00e3o interna de armazenar pequenos arquivos &#8211; &#8220;Cookies&#8221; &#8211; que cont\u00eam informa\u00e7\u00f5es que permitem que um site o reconhe\u00e7a como usu\u00e1rio. Nosso site aproveita dessa fun\u00e7\u00e3o para aprimorar sua experi\u00eancia. Usamos v\u00e1rios desses cookies para fins anal\u00edticos, e eles s\u00e3o descritos em detalhes abaixo. Ao usar este site, voc\u00ea consente o uso de cookies para esses fins.\r\nUsamos uma combina\u00e7\u00e3o de cookies de sess\u00e3o e cookies persistentes. Os cookies de sess\u00e3o acompanham sua visita atual e como voc\u00ea navega no site, enquanto os cookies persistentes permitem que nosso site o reconhe\u00e7a como visitante recorrente quando voc\u00ea retornar. Os cookies de sess\u00e3o ser\u00e3o exclu\u00eddos do seu computador quando voc\u00ea fechar o navegador. Os cookies persistentes ser\u00e3o removidos em uma data de expira\u00e7\u00e3o predeterminada ou quando voc\u00ea os excluir.\r\n\r\nA maioria dos navegadores da web permite configura\u00e7\u00f5es de privacidade do usu\u00e1rio para bloquear todos os cookies ou cookies de terceiros. No entanto, o bloqueio de cookies ter\u00e1 um impacto negativo na usabilidade de muitos sites, incluindo este. Visite www.aboutcookies.org para obter informa\u00e7\u00f5es abrangentes sobre como alterar as configura\u00e7\u00f5es de cookies em uma ampla variedade de navegadores da web diferentes.\r\n\r\n<strong>Cookies do Google Analytics<\/strong>\r\n\r\nO Google Analytics \u00e9 uma ferramenta de monitoramento de sites que permite aos usu\u00e1rios verem o volume de visitantes do site, a origem deles e analisar como o conte\u00fado de seus sites \u00e9 visualizado e navegado. Isso, por sua vez, permite a otimiza\u00e7\u00e3o do conte\u00fado e das p\u00e1ginas em nossos sites, bem como os programas de marketing que direcionam o tr\u00e1fego para o site. O Google Analytics n\u00e3o armazena nenhuma informa\u00e7\u00e3o pessoal sobre os visitantes do site, mas usa cookies persistentes para identificar visitantes recorrentes. Voc\u00ea pode optar por desativar todos os rastreamentos do Google Analytics usados em todos os sites visitando a seguinte URL &#8211; https:\/\/tools.google.com\/dlpage\/gaoptout\r\n\r\n<strong>Cookies de rastreamento p\u00f3s-clique do email marketing<\/strong>\r\n\r\nEsses cookies s\u00e3o usados para relatar as p\u00e1ginas de nossos sites que foram visualizadas pelos visitantes do site que seguiram os links de nossas campanhas de email marketing. Essa an\u00e1lise nos ajuda a entender o conte\u00fado adicional visualizado pelos contatos em nosso banco de dados e, portanto, nos permite\t\t\t\t\t\t\t\t<\/div>\n\t\t\t\t<\/div>\n\t\t\t\t\t<\/div>\n\t\t<\/div>\n\t\t\t\t\t<\/div>\n\t\t<\/section>\n\t\t\t\t<\/div>\n\t\t","protected":false},"excerpt":{"rendered":"<p>AME Trade Ltd est\u00e1 registrada na Inglaterra e no Pa\u00eds de Gales (N\u00famero de Registro 05672786) e est\u00e1 comprometida em proteger todos os dados que coletamos sobre voc\u00ea. Ao utilizar nossos servi\u00e7os, voc\u00ea concorda com o uso dos dados que coletamos de acordo com esta Pol\u00edtica de Privacidade. N\u00f3s nos comprometemos a proteger sua privacidade. [&hellip;]<\/p>\n","protected":false},"author":2,"featured_media":1370,"parent":0,"menu_order":0,"comment_status":"closed","ping_status":"open","template":"elementor_header_footer","meta":{"_acf_changed":false,"footnotes":""},"class_list":["post-1734","page","type-page","status-publish","has-post-thumbnail","hentry"],"acf":[],"rankMath":{"parentDomain":"csr-moz.com","noFollowDomains":[],"noFollowExcludeDomains":[],"noFollowExternalLinks":false,"featuredImageNotice":"The featured image should be at least 200 by 200 pixels to be picked up by Facebook and other social media sites.","pluginReviewed":true,"postSettings":{"linkSuggestions":true,"useFocusKeyword":false},"frontEndScore":false,"postName":"politica-de-privacidade","permalinkFormat":"https:\/\/csr-moz.com\/pt-pt\/%pagename%\/","showLockModifiedDate":true,"assessor":{"focusKeywordLink":"https:\/\/csr-moz.com\/wp-admin\/edit.php?focus_keyword=%focus_keyword%&post_type=%post_type%","hasTOCPlugin":true,"primaryTaxonomy":false,"serpData":{"title":"","description":"","focusKeywords":"","pillarContent":false,"canonicalUrl":"","breadcrumbTitle":"","advancedRobots":[],"facebookTitle":"","facebookDescription":"","facebookImage":"","facebookImageID":"","facebookHasOverlay":false,"facebookImageOverlay":"","facebookAuthor":"","twitterCardType":"","twitterUseFacebook":true,"twitterTitle":"","twitterDescription":"","twitterImage":"","twitterImageID":"","twitterHasOverlay":false,"twitterImageOverlay":"","twitterPlayerUrl":"","twitterPlayerSize":"","twitterPlayerStream":"","twitterPlayerStreamCtype":"","twitterAppDescription":"","twitterAppIphoneName":"","twitterAppIphoneID":"","twitterAppIphoneUrl":"","twitterAppIpadName":"","twitterAppIpadID":"","twitterAppIpadUrl":"","twitterAppGoogleplayName":"","twitterAppGoogleplayID":"","twitterAppGoogleplayUrl":"","twitterAppCountry":"","robots":{"index":true},"twitterAuthor":"username","primaryTerm":0,"authorName":"nucleodigital","titleTemplate":"%title% %sep% %sitename%","descriptionTemplate":"%excerpt%","showScoreFrontend":true,"lockModifiedDate":false},"powerWords":[],"diacritics":{"A":"[\\u0041\\u24B6\\uFF21\\u00C0\\u00C1\\u00C2\\u1EA6\\u1EA4\\u1EAA\\u1EA8\\u00C3\\u0100\\u0102\\u1EB0\\u1EAE\\u1EB4\\u1EB2\\u0226\\u01E0\\u00C4\\u01DE\\u1EA2\\u00C5\\u01FA\\u01CD\\u0200\\u0202\\u1EA0\\u1EAC\\u1EB6\\u1E00\\u0104\\u023A\\u2C6F]","AA":"[\\uA732]","AE":"[\\u00C6\\u01FC\\u01E2]","AO":"[\\uA734]","AU":"[\\uA736]","AV":"[\\uA738\\uA73A]","AY":"[\\uA73C]","B":"[\\u0042\\u24B7\\uFF22\\u1E02\\u1E04\\u1E06\\u0243\\u0182\\u0181]","C":"[\\u0043\\u24B8\\uFF23\\u0106\\u0108\\u010A\\u010C\\u00C7\\u1E08\\u0187\\u023B\\uA73E]","D":"[\\u0044\\u24B9\\uFF24\\u1E0A\\u010E\\u1E0C\\u1E10\\u1E12\\u1E0E\\u0110\\u018B\\u018A\\u0189\\uA779]","DZ":"[\\u01F1\\u01C4]","Dz":"[\\u01F2\\u01C5]","E":"[\\u0045\\u24BA\\uFF25\\u00C8\\u00C9\\u00CA\\u1EC0\\u1EBE\\u1EC4\\u1EC2\\u1EBC\\u0112\\u1E14\\u1E16\\u0114\\u0116\\u00CB\\u1EBA\\u011A\\u0204\\u0206\\u1EB8\\u1EC6\\u0228\\u1E1C\\u0118\\u1E18\\u1E1A\\u0190\\u018E]","F":"[\\u0046\\u24BB\\uFF26\\u1E1E\\u0191\\uA77B]","G":"[\\u0047\\u24BC\\uFF27\\u01F4\\u011C\\u1E20\\u011E\\u0120\\u01E6\\u0122\\u01E4\\u0193\\uA7A0\\uA77D\\uA77E]","H":"[\\u0048\\u24BD\\uFF28\\u0124\\u1E22\\u1E26\\u021E\\u1E24\\u1E28\\u1E2A\\u0126\\u2C67\\u2C75\\uA78D]","I":"[\\u0049\\u24BE\\uFF29\\u00CC\\u00CD\\u00CE\\u0128\\u012A\\u012C\\u0130\\u00CF\\u1E2E\\u1EC8\\u01CF\\u0208\\u020A\\u1ECA\\u012E\\u1E2C\\u0197]","J":"[\\u004A\\u24BF\\uFF2A\\u0134\\u0248]","K":"[\\u004B\\u24C0\\uFF2B\\u1E30\\u01E8\\u1E32\\u0136\\u1E34\\u0198\\u2C69\\uA740\\uA742\\uA744\\uA7A2]","L":"[\\u004C\\u24C1\\uFF2C\\u013F\\u0139\\u013D\\u1E36\\u1E38\\u013B\\u1E3C\\u1E3A\\u0141\\u023D\\u2C62\\u2C60\\uA748\\uA746\\uA780]","LJ":"[\\u01C7]","Lj":"[\\u01C8]","M":"[\\u004D\\u24C2\\uFF2D\\u1E3E\\u1E40\\u1E42\\u2C6E\\u019C]","N":"[\\u004E\\u24C3\\uFF2E\\u01F8\\u0143\\u00D1\\u1E44\\u0147\\u1E46\\u0145\\u1E4A\\u1E48\\u0220\\u019D\\uA790\\uA7A4]","NJ":"[\\u01CA]","Nj":"[\\u01CB]","O":"[\\u004F\\u24C4\\uFF2F\\u00D2\\u00D3\\u00D4\\u1ED2\\u1ED0\\u1ED6\\u1ED4\\u00D5\\u1E4C\\u022C\\u1E4E\\u014C\\u1E50\\u1E52\\u014E\\u022E\\u0230\\u00D6\\u022A\\u1ECE\\u0150\\u01D1\\u020C\\u020E\\u01A0\\u1EDC\\u1EDA\\u1EE0\\u1EDE\\u1EE2\\u1ECC\\u1ED8\\u01EA\\u01EC\\u00D8\\u01FE\\u0186\\u019F\\uA74A\\uA74C]","OI":"[\\u01A2]","OO":"[\\uA74E]","OU":"[\\u0222]","P":"[\\u0050\\u24C5\\uFF30\\u1E54\\u1E56\\u01A4\\u2C63\\uA750\\uA752\\uA754]","Q":"[\\u0051\\u24C6\\uFF31\\uA756\\uA758\\u024A]","R":"[\\u0052\\u24C7\\uFF32\\u0154\\u1E58\\u0158\\u0210\\u0212\\u1E5A\\u1E5C\\u0156\\u1E5E\\u024C\\u2C64\\uA75A\\uA7A6\\uA782]","S":"[\\u0053\\u24C8\\uFF33\\u1E9E\\u015A\\u1E64\\u015C\\u1E60\\u0160\\u1E66\\u1E62\\u1E68\\u0218\\u015E\\u2C7E\\uA7A8\\uA784]","T":"[\\u0054\\u24C9\\uFF34\\u1E6A\\u0164\\u1E6C\\u021A\\u0162\\u1E70\\u1E6E\\u0166\\u01AC\\u01AE\\u023E\\uA786]","TZ":"[\\uA728]","U":"[\\u0055\\u24CA\\uFF35\\u00D9\\u00DA\\u00DB\\u0168\\u1E78\\u016A\\u1E7A\\u016C\\u00DC\\u01DB\\u01D7\\u01D5\\u01D9\\u1EE6\\u016E\\u0170\\u01D3\\u0214\\u0216\\u01AF\\u1EEA\\u1EE8\\u1EEE\\u1EEC\\u1EF0\\u1EE4\\u1E72\\u0172\\u1E76\\u1E74\\u0244]","V":"[\\u0056\\u24CB\\uFF36\\u1E7C\\u1E7E\\u01B2\\uA75E\\u0245]","VY":"[\\uA760]","W":"[\\u0057\\u24CC\\uFF37\\u1E80\\u1E82\\u0174\\u1E86\\u1E84\\u1E88\\u2C72]","X":"[\\u0058\\u24CD\\uFF38\\u1E8A\\u1E8C]","Y":"[\\u0059\\u24CE\\uFF39\\u1EF2\\u00DD\\u0176\\u1EF8\\u0232\\u1E8E\\u0178\\u1EF6\\u1EF4\\u01B3\\u024E\\u1EFE]","Z":"[\\u005A\\u24CF\\uFF3A\\u0179\\u1E90\\u017B\\u017D\\u1E92\\u1E94\\u01B5\\u0224\\u2C7F\\u2C6B\\uA762]","a":"[\\u0061\\u24D0\\uFF41\\u1E9A\\u00E0\\u00E1\\u00E2\\u1EA7\\u1EA5\\u1EAB\\u1EA9\\u00E3\\u0101\\u0103\\u1EB1\\u1EAF\\u1EB5\\u1EB3\\u0227\\u01E1\\u00E4\\u01DF\\u1EA3\\u00E5\\u01FB\\u01CE\\u0201\\u0203\\u1EA1\\u1EAD\\u1EB7\\u1E01\\u0105\\u2C65\\u0250]","aa":"[\\uA733]","ae":"[\\u00E6\\u01FD\\u01E3]","ao":"[\\uA735]","au":"[\\uA737]","av":"[\\uA739\\uA73B]","ay":"[\\uA73D]","b":"[\\u0062\\u24D1\\uFF42\\u1E03\\u1E05\\u1E07\\u0180\\u0183\\u0253]","c":"[\\u0063\\u24D2\\uFF43\\u0107\\u0109\\u010B\\u010D\\u00E7\\u1E09\\u0188\\u023C\\uA73F\\u2184]","d":"[\\u0064\\u24D3\\uFF44\\u1E0B\\u010F\\u1E0D\\u1E11\\u1E13\\u1E0F\\u0111\\u018C\\u0256\\u0257\\uA77A]","dz":"[\\u01F3\\u01C6]","e":"[\\u0065\\u24D4\\uFF45\\u00E8\\u00E9\\u00EA\\u1EC1\\u1EBF\\u1EC5\\u1EC3\\u1EBD\\u0113\\u1E15\\u1E17\\u0115\\u0117\\u00EB\\u1EBB\\u011B\\u0205\\u0207\\u1EB9\\u1EC7\\u0229\\u1E1D\\u0119\\u1E19\\u1E1B\\u0247\\u025B\\u01DD]","f":"[\\u0066\\u24D5\\uFF46\\u1E1F\\u0192\\uA77C]","g":"[\\u0067\\u24D6\\uFF47\\u01F5\\u011D\\u1E21\\u011F\\u0121\\u01E7\\u0123\\u01E5\\u0260\\uA7A1\\u1D79\\uA77F]","h":"[\\u0068\\u24D7\\uFF48\\u0125\\u1E23\\u1E27\\u021F\\u1E25\\u1E29\\u1E2B\\u1E96\\u0127\\u2C68\\u2C76\\u0265]","hv":"[\\u0195]","i":"[\\u0069\\u24D8\\uFF49\\u00EC\\u00ED\\u00EE\\u0129\\u012B\\u012D\\u00EF\\u1E2F\\u1EC9\\u01D0\\u0209\\u020B\\u1ECB\\u012F\\u1E2D\\u0268\\u0131]","j":"[\\u006A\\u24D9\\uFF4A\\u0135\\u01F0\\u0249]","k":"[\\u006B\\u24DA\\uFF4B\\u1E31\\u01E9\\u1E33\\u0137\\u1E35\\u0199\\u2C6A\\uA741\\uA743\\uA745\\uA7A3]","l":"[\\u006C\\u24DB\\uFF4C\\u0140\\u013A\\u013E\\u1E37\\u1E39\\u013C\\u1E3D\\u1E3B\\u017F\\u0142\\u019A\\u026B\\u2C61\\uA749\\uA781\\uA747]","lj":"[\\u01C9]","m":"[\\u006D\\u24DC\\uFF4D\\u1E3F\\u1E41\\u1E43\\u0271\\u026F]","n":"[\\u006E\\u24DD\\uFF4E\\u01F9\\u0144\\u00F1\\u1E45\\u0148\\u1E47\\u0146\\u1E4B\\u1E49\\u019E\\u0272\\u0149\\uA791\\uA7A5]","nj":"[\\u01CC]","o":"[\\u006F\\u24DE\\uFF4F\\u00F2\\u00F3\\u00F4\\u1ED3\\u1ED1\\u1ED7\\u1ED5\\u00F5\\u1E4D\\u022D\\u1E4F\\u014D\\u1E51\\u1E53\\u014F\\u022F\\u0231\\u00F6\\u022B\\u1ECF\\u0151\\u01D2\\u020D\\u020F\\u01A1\\u1EDD\\u1EDB\\u1EE1\\u1EDF\\u1EE3\\u1ECD\\u1ED9\\u01EB\\u01ED\\u00F8\\u01FF\\u0254\\uA74B\\uA74D\\u0275]","oi":"[\\u01A3]","ou":"[\\u0223]","oo":"[\\uA74F]","p":"[\\u0070\\u24DF\\uFF50\\u1E55\\u1E57\\u01A5\\u1D7D\\uA751\\uA753\\uA755]","q":"[\\u0071\\u24E0\\uFF51\\u024B\\uA757\\uA759]","r":"[\\u0072\\u24E1\\uFF52\\u0155\\u1E59\\u0159\\u0211\\u0213\\u1E5B\\u1E5D\\u0157\\u1E5F\\u024D\\u027D\\uA75B\\uA7A7\\uA783]","s":"[\\u0073\\u24E2\\uFF53\\u015B\\u1E65\\u015D\\u1E61\\u0161\\u1E67\\u1E63\\u1E69\\u0219\\u015F\\u023F\\uA7A9\\uA785\\u1E9B]","ss":"[\\u00DF]","t":"[\\u0074\\u24E3\\uFF54\\u1E6B\\u1E97\\u0165\\u1E6D\\u021B\\u0163\\u1E71\\u1E6F\\u0167\\u01AD\\u0288\\u2C66\\uA787]","tz":"[\\uA729]","u":"[\\u0075\\u24E4\\uFF55\\u00F9\\u00FA\\u00FB\\u0169\\u1E79\\u016B\\u1E7B\\u016D\\u00FC\\u01DC\\u01D8\\u01D6\\u01DA\\u1EE7\\u016F\\u0171\\u01D4\\u0215\\u0217\\u01B0\\u1EEB\\u1EE9\\u1EEF\\u1EED\\u1EF1\\u1EE5\\u1E73\\u0173\\u1E77\\u1E75\\u0289]","v":"[\\u0076\\u24E5\\uFF56\\u1E7D\\u1E7F\\u028B\\uA75F\\u028C]","vy":"[\\uA761]","w":"[\\u0077\\u24E6\\uFF57\\u1E81\\u1E83\\u0175\\u1E87\\u1E85\\u1E98\\u1E89\\u2C73]","x":"[\\u0078\\u24E7\\uFF58\\u1E8B\\u1E8D]","y":"[\\u0079\\u24E8\\uFF59\\u1EF3\\u00FD\\u0177\\u1EF9\\u0233\\u1E8F\\u00FF\\u1EF7\\u1E99\\u1EF5\\u01B4\\u024F\\u1EFF]","z":"[\\u007A\\u24E9\\uFF5A\\u017A\\u1E91\\u017C\\u017E\\u1E93\\u1E95\\u01B6\\u0225\\u0240\\u2C6C\\uA763]"},"researchesTests":["contentHasTOC","contentHasShortParagraphs","contentHasAssets","keywordInTitle","keywordInMetaDescription","keywordInPermalink","keywordIn10Percent","keywordInContent","keywordInSubheadings","keywordInImageAlt","keywordDensity","keywordNotUsed","lengthContent","lengthPermalink","linksHasInternal","linksHasExternals","linksNotAllExternals","titleStartWithKeyword","titleSentiment","titleHasPowerWords","titleHasNumber","hasContentAI"],"hasRedirection":true,"hasBreadcrumb":false},"homeUrl":"https:\/\/csr-moz.com\/pt-pt\/","objectID":1734,"objectType":"post","locale":"pt","localeFull":"pt_PT","overlayImages":{"play":{"name":"Play icon","url":"https:\/\/csr-moz.com\/wp-content\/plugins\/seo-by-rank-math\/assets\/admin\/img\/icon-play.png","path":"\/home\/piafrica\/csr-moz.com\/wp-content\/plugins\/seo-by-rank-math\/assets\/admin\/img\/icon-play.png","position":"middle_center"},"gif":{"name":"GIF icon","url":"https:\/\/csr-moz.com\/wp-content\/plugins\/seo-by-rank-math\/assets\/admin\/img\/icon-gif.png","path":"\/home\/piafrica\/csr-moz.com\/wp-content\/plugins\/seo-by-rank-math\/assets\/admin\/img\/icon-gif.png","position":"middle_center"}},"defautOgImage":"https:\/\/csr-moz.com\/wp-content\/uploads\/2023\/07\/csr-moz-2023_11.jpg","customPermalinks":true,"isUserRegistered":false,"autoSuggestKeywords":false,"connectSiteUrl":"https:\/\/rankmath.com\/auth?site=https%3A%2F%2Fcsr-moz.com%2Fpt-pt%2F&r=https%3A%2F%2Fcsr-moz.com%2Fpt-pt%2Fwp-json%2Fwp%2Fv2%2Fpages%2F1734%3Fnonce%3D24e1f38141","maxTags":5,"trendsIcon":"<svg viewBox=\"0 0 610 610\"><path d=\"M18.85,446,174.32,290.48l58.08,58.08L76.93,504a14.54,14.54,0,0,1-20.55,0L18.83,466.48a14.54,14.54,0,0,1,0-20.55Z\" style=\"fill:#4285f4\"\/><path d=\"M242.65,242.66,377.59,377.6l-47.75,47.75a14.54,14.54,0,0,1-20.55,0L174.37,290.43l47.75-47.75A14.52,14.52,0,0,1,242.65,242.66Z\" style=\"fill:#ea4335\"\/><polygon points=\"319.53 319.53 479.26 159.8 537.34 217.88 377.61 377.62 319.53 319.53\" style=\"fill:#fabb05\"\/><path d=\"M594.26,262.73V118.61h0a16.94,16.94,0,0,0-16.94-16.94H433.2a16.94,16.94,0,0,0-12,28.92L565.34,274.71h0a16.94,16.94,0,0,0,28.92-12Z\" style=\"fill:#34a853\"\/><rect width=\"610\" height=\"610\" style=\"fill:none\"\/><\/svg>","showScore":true,"siteFavIcon":"https:\/\/csr-moz.com\/wp-content\/uploads\/2022\/01\/ame-favicon-150x150.png","canUser":{"general":false,"advanced":false,"snippet":false,"social":false,"analysis":false,"analytics":false,"content_ai":false},"showKeywordIntent":true,"isPro":false,"is_front_page":false,"trendsUpgradeLink":"https:\/\/rankmath.com\/pricing\/?utm_source=Plugin&utm_medium=CE%20General%20Tab%20Trends&utm_campaign=WP","trendsUpgradeLabel":"Upgrade","trendsPreviewImage":"https:\/\/csr-moz.com\/wp-content\/plugins\/seo-by-rank-math\/assets\/admin\/img\/trends-preview.jpg","currentEditor":false,"homepageData":{"assessor":{"powerWords":[],"diacritics":true,"researchesTests":["contentHasTOC","contentHasShortParagraphs","contentHasAssets","keywordInTitle","keywordInMetaDescription","keywordInPermalink","keywordIn10Percent","keywordInContent","keywordInSubheadings","keywordInImageAlt","keywordDensity","keywordNotUsed","lengthContent","lengthPermalink","linksHasInternal","linksHasExternals","linksNotAllExternals","titleStartWithKeyword","titleSentiment","titleHasPowerWords","titleHasNumber","hasContentAI"],"hasBreadcrumb":false,"serpData":{"title":"%sitename% %page% %sep% %sitedesc%","description":"","titleTemplate":"%sitename% %page% %sep% %sitedesc%","descriptionTemplate":"","focusKeywords":"","breadcrumbTitle":"Home","robots":{"index":true},"advancedRobots":[],"facebookTitle":"","facebookDescription":"","facebookImage":"","facebookImageID":""}}},"tocTitle":false,"tocExcludeHeadings":[],"listStyle":"ul"},"_links":{"self":[{"href":"https:\/\/csr-moz.com\/pt-pt\/wp-json\/wp\/v2\/pages\/1734","targetHints":{"allow":["GET"]}}],"collection":[{"href":"https:\/\/csr-moz.com\/pt-pt\/wp-json\/wp\/v2\/pages"}],"about":[{"href":"https:\/\/csr-moz.com\/pt-pt\/wp-json\/wp\/v2\/types\/page"}],"author":[{"embeddable":true,"href":"https:\/\/csr-moz.com\/pt-pt\/wp-json\/wp\/v2\/users\/2"}],"replies":[{"embeddable":true,"href":"https:\/\/csr-moz.com\/pt-pt\/wp-json\/wp\/v2\/comments?post=1734"}],"version-history":[{"count":3,"href":"https:\/\/csr-moz.com\/pt-pt\/wp-json\/wp\/v2\/pages\/1734\/revisions"}],"predecessor-version":[{"id":1737,"href":"https:\/\/csr-moz.com\/pt-pt\/wp-json\/wp\/v2\/pages\/1734\/revisions\/1737"}],"wp:featuredmedia":[{"embeddable":true,"href":"https:\/\/csr-moz.com\/pt-pt\/wp-json\/wp\/v2\/media\/1370"}],"wp:attachment":[{"href":"https:\/\/csr-moz.com\/pt-pt\/wp-json\/wp\/v2\/media?parent=1734"}],"curies":[{"name":"wp","href":"https:\/\/api.w.org\/{rel}","templated":true}]}}